{"id":20,"date":"2023-06-26T19:22:44","date_gmt":"2023-06-26T19:22:44","guid":{"rendered":"https:\/\/www.kosmetikamasaze.eu\/?page_id=20"},"modified":"2023-06-26T19:44:51","modified_gmt":"2023-06-26T19:44:51","slug":"cenik","status":"publish","type":"page","link":"https:\/\/www.kosmetikamasaze.eu\/?page_id=20","title":{"rendered":"Cen\u00edk"},"content":{"rendered":"\n<p>Cen\u00edk pro v\u00e1s p\u0159ipravuji<\/p>\n","protected":false},"excerpt":{"rendered":"<p>Cen\u00edk pro v\u00e1s p\u0159ipravuji<\/p>\n","protected":false},"author":1,"featured_media":0,"parent":0,"menu_order":0,"comment_status":"closed","ping_status":"closed","template":"","meta":{"footnotes":""},"class_list":["post-20","page","type-page","status-publish","hentry"],"_links":{"self":[{"href":"https:\/\/www.kosmetikamasaze.eu\/index.php?rest_route=\/wp\/v2\/pages\/20","targetHints":{"allow":["GET"]}}],"collection":[{"href":"https:\/\/www.kosmetikamasaze.eu\/index.php?rest_route=\/wp\/v2\/pages"}],"about":[{"href":"https:\/\/www.kosmetikamasaze.eu\/index.php?rest_route=\/wp\/v2\/types\/page"}],"author":[{"embeddable":true,"href":"https:\/\/www.kosmetikamasaze.eu\/index.php?rest_route=\/wp\/v2\/users\/1"}],"replies":[{"embeddable":true,"href":"https:\/\/www.kosmetikamasaze.eu\/index.php?rest_route=%2Fwp%2Fv2%2Fcomments&post=20"}],"version-history":[{"count":2,"href":"https:\/\/www.kosmetikamasaze.eu\/index.php?rest_route=\/wp\/v2\/pages\/20\/revisions"}],"predecessor-version":[{"id":30,"href":"https:\/\/www.kosmetikamasaze.eu\/index.php?rest_route=\/wp\/v2\/pages\/20\/revisions\/30"}],"wp:attachment":[{"href":"https:\/\/www.kosmetikamasaze.eu\/index.php?rest_route=%2Fwp%2Fv2%2Fmedia&parent=20"}],"curies":[{"name":"wp","href":"https:\/\/api.w.org\/{rel}","templated":true}]}}